{"id":742,"date":"2024-04-05T21:39:06","date_gmt":"2024-04-05T19:39:06","guid":{"rendered":"https:\/\/masonicatours.fr\/?page_id=742"},"modified":"2024-04-28T09:44:16","modified_gmt":"2024-04-28T07:44:16","slug":"c_01_1730","status":"publish","type":"page","link":"https:\/\/masonicatours.fr\/index.php\/c_01_1730\/","title":{"rendered":"Franc-ma\u00e7onnerie et physique quantique"},"content":{"rendered":"\n<div style=\"height:20px\" aria-hidden=\"true\" class=\"wp-block-spacer\"><\/div>\n\n\n\n<div class=\"wp-block-columns is-layout-flex wp-container-core-columns-is-layout-9d6595d7 wp-block-columns-is-layout-flex\">\n<div class=\"wp-block-column is-layout-flow wp-block-column-is-layout-flow\" style=\"flex-basis:33.33%\">\n<p class=\"has-medium-font-size\"><strong>Samedi 1<sup>er<\/sup> juin \u00e0 17h30<\/strong><\/p>\n\n\n<div class=\"wp-block-image\">\n<figure class=\"aligncenter size-large is-resized\"><img loading=\"lazy\" decoding=\"async\" width=\"1024\" height=\"17\" src=\"https:\/\/masonicatours.fr\/wp-content\/uploads\/2024\/04\/Barre_Bleue-1024x17.png\" alt=\"\" class=\"wp-image-804\" style=\"width:100px\" srcset=\"https:\/\/masonicatours.fr\/wp-content\/uploads\/2024\/04\/Barre_Bleue-1024x17.png 1024w, https:\/\/masonicatours.fr\/wp-content\/uploads\/2024\/04\/Barre_Bleue-300x5.png 300w, https:\/\/masonicatours.fr\/wp-content\/uploads\/2024\/04\/Barre_Bleue-768x13.png 768w, https:\/\/masonicatours.fr\/wp-content\/uploads\/2024\/04\/Barre_Bleue-1536x25.png 1536w, https:\/\/masonicatours.fr\/wp-content\/uploads\/2024\/04\/Barre_Bleue-650x11.png 650w, https:\/\/masonicatours.fr\/wp-content\/uploads\/2024\/04\/Barre_Bleue.png 1704w\" sizes=\"auto, (max-width: 1024px) 100vw, 1024px\" \/><\/figure>\n<\/div>\n\n\n<div style=\"height:80px\" aria-hidden=\"true\" class=\"wp-block-spacer\"><\/div>\n\n\n<div class=\"wp-block-image\">\n<figure class=\"aligncenter size-full\"><a href=\"https:\/\/masonicatours.fr\/index.php\/les-auteurs\/hgallois\/\" target=\"_blank\" rel=\"noreferrer noopener\"><img loading=\"lazy\" decoding=\"async\" width=\"122\" height=\"123\" src=\"https:\/\/masonicatours.fr\/wp-content\/uploads\/2024\/04\/Gallois.jpg\" alt=\"\" class=\"wp-image-541\"\/><\/a><\/figure>\n<\/div>\n\n\n<p class=\"has-text-align-center\"><a href=\"https:\/\/masonicatours.fr\/index.php\/les-auteurs\/hgallois\/\" target=\"_blank\" rel=\"noreferrer noopener\">Henri Gallois<\/a><\/p>\n\n\n<div class=\"wp-block-image\">\n<figure class=\"aligncenter size-large is-resized\"><img loading=\"lazy\" decoding=\"async\" width=\"1024\" height=\"17\" src=\"https:\/\/masonicatours.fr\/wp-content\/uploads\/2024\/04\/Barre_Bleue-1024x17.png\" alt=\"\" class=\"wp-image-804\" style=\"width:100px\" srcset=\"https:\/\/masonicatours.fr\/wp-content\/uploads\/2024\/04\/Barre_Bleue-1024x17.png 1024w, https:\/\/masonicatours.fr\/wp-content\/uploads\/2024\/04\/Barre_Bleue-300x5.png 300w, https:\/\/masonicatours.fr\/wp-content\/uploads\/2024\/04\/Barre_Bleue-768x13.png 768w, https:\/\/masonicatours.fr\/wp-content\/uploads\/2024\/04\/Barre_Bleue-1536x25.png 1536w, https:\/\/masonicatours.fr\/wp-content\/uploads\/2024\/04\/Barre_Bleue-650x11.png 650w, https:\/\/masonicatours.fr\/wp-content\/uploads\/2024\/04\/Barre_Bleue.png 1704w\" sizes=\"auto, (max-width: 1024px) 100vw, 1024px\" \/><\/figure>\n<\/div><\/div>\n\n\n\n<div class=\"wp-block-column is-layout-flow wp-block-column-is-layout-flow\" style=\"flex-basis:66.66%\">\n<figure class=\"wp-block-image size-large is-resized\"><img loading=\"lazy\" decoding=\"async\" width=\"1024\" height=\"17\" src=\"https:\/\/masonicatours.fr\/wp-content\/uploads\/2024\/04\/Barre_Bleue-1024x17.png\" alt=\"\" class=\"wp-image-804\" style=\"width:350px\" srcset=\"https:\/\/masonicatours.fr\/wp-content\/uploads\/2024\/04\/Barre_Bleue-1024x17.png 1024w, https:\/\/masonicatours.fr\/wp-content\/uploads\/2024\/04\/Barre_Bleue-300x5.png 300w, https:\/\/masonicatours.fr\/wp-content\/uploads\/2024\/04\/Barre_Bleue-768x13.png 768w, https:\/\/masonicatours.fr\/wp-content\/uploads\/2024\/04\/Barre_Bleue-1536x25.png 1536w, https:\/\/masonicatours.fr\/wp-content\/uploads\/2024\/04\/Barre_Bleue-650x11.png 650w, https:\/\/masonicatours.fr\/wp-content\/uploads\/2024\/04\/Barre_Bleue.png 1704w\" sizes=\"auto, (max-width: 1024px) 100vw, 1024px\" \/><\/figure>\n\n\n\n<div class=\"wp-block-group is-vertical is-layout-flex wp-container-core-group-is-layout-8cf370e7 wp-block-group-is-layout-flex\">\n<p class=\"has-medium-font-size\">La Conscience est un des \u00e9l\u00e9ments fondamentaux de l&rsquo;\u00eatre humain. Trop partiellement utilis\u00e9e, il devient indispensable de travailler \u00e0 son d\u00e9veloppement. C&rsquo;est l&rsquo;objet d&rsquo;un Ordre initiatique et traditionnel tel que la Franc-ma\u00e7onnerie, par l&rsquo;interm\u00e9diaire de Rites et de Rituels, d&rsquo;offrir un curses progressif \u00e0 cet effet. <\/p>\n\n\n\n<p class=\"has-medium-font-size\">Lorsque, de surcro\u00eet, certains prix Nobel de physique quantique abondent dans cette nouvelle Qu\u00eate exponentielle du Graal, tous les espoirs sont permis \u00e0 l&rsquo;\u00e9tudiant de la Vie pour explorer son \u00catre int\u00e9rieur et le conduire vers des \u00ab&nbsp;espaces&nbsp;\u00bb insoup\u00e7onn\u00e9s.<\/p>\n<\/div>\n<\/div>\n<\/div>\n\n\n\n<div style=\"height:100px\" aria-hidden=\"true\" class=\"wp-block-spacer\"><\/div>\n","protected":false},"excerpt":{"rendered":"<p>Samedi 1er juin \u00e0 17h30 Henri Gallois La Conscience est un des \u00e9l\u00e9ments fondamentaux de l&rsquo;\u00eatre humain. Trop partiellement utilis\u00e9e, il devient indispensable de travailler \u00e0 son d\u00e9veloppement. C&rsquo;est l&rsquo;objet d&rsquo;un Ordre initiatique et traditionnel tel que la Franc-ma\u00e7onnerie, par l&rsquo;interm\u00e9diaire de Rites et de Rituels, d&rsquo;offrir un curses progressif \u00e0 cet effet. Lorsque, de [&hellip;]<\/p>\n","protected":false},"author":3,"featured_media":0,"parent":0,"menu_order":0,"comment_status":"closed","ping_status":"closed","template":"","meta":{"_themeisle_gutenberg_block_has_review":false,"footnotes":""},"class_list":["post-742","page","type-page","status-publish","hentry","post"],"_links":{"self":[{"href":"https:\/\/masonicatours.fr\/index.php\/wp-json\/wp\/v2\/pages\/742","targetHints":{"allow":["GET"]}}],"collection":[{"href":"https:\/\/masonicatours.fr\/index.php\/wp-json\/wp\/v2\/pages"}],"about":[{"href":"https:\/\/masonicatours.fr\/index.php\/wp-json\/wp\/v2\/types\/page"}],"author":[{"embeddable":true,"href":"https:\/\/masonicatours.fr\/index.php\/wp-json\/wp\/v2\/users\/3"}],"replies":[{"embeddable":true,"href":"https:\/\/masonicatours.fr\/index.php\/wp-json\/wp\/v2\/comments?post=742"}],"version-history":[{"count":10,"href":"https:\/\/masonicatours.fr\/index.php\/wp-json\/wp\/v2\/pages\/742\/revisions"}],"predecessor-version":[{"id":870,"href":"https:\/\/masonicatours.fr\/index.php\/wp-json\/wp\/v2\/pages\/742\/revisions\/870"}],"wp:attachment":[{"href":"https:\/\/masonicatours.fr\/index.php\/wp-json\/wp\/v2\/media?parent=742"}],"curies":[{"name":"wp","href":"https:\/\/api.w.org\/{rel}","templated":true}]}}