{"id":621,"date":"2024-04-05T17:01:53","date_gmt":"2024-04-05T15:01:53","guid":{"rendered":"https:\/\/masonicatours.fr\/?page_id=621"},"modified":"2026-02-21T19:04:33","modified_gmt":"2026-02-21T18:04:33","slug":"philippe-benhamou","status":"publish","type":"page","link":"https:\/\/masonicatours.fr\/index.php\/philippe-benhamou\/","title":{"rendered":"Philippe Benhamou"},"content":{"rendered":"\n<div class=\"wp-block-columns is-layout-flex wp-container-core-columns-is-layout-9d6595d7 wp-block-columns-is-layout-flex\">\n<div class=\"wp-block-column is-layout-flow wp-block-column-is-layout-flow\"><div class=\"wp-block-image\">\n<figure class=\"aligncenter size-full\"><img loading=\"lazy\" decoding=\"async\" width=\"315\" height=\"348\" src=\"https:\/\/masonicatours.fr\/wp-content\/uploads\/2026\/02\/Pbenhamou.png\" alt=\"photo de philippe Benhamou\" class=\"wp-image-2024\" srcset=\"https:\/\/masonicatours.fr\/wp-content\/uploads\/2026\/02\/Pbenhamou.png 315w, https:\/\/masonicatours.fr\/wp-content\/uploads\/2026\/02\/Pbenhamou-272x300.png 272w\" sizes=\"auto, (max-width: 315px) 100vw, 315px\" \/><\/figure>\n<\/div><\/div>\n\n\n\n<div class=\"wp-block-column is-layout-flow wp-block-column-is-layout-flow\"><div class=\"wp-block-image\">\n<figure class=\"aligncenter size-full is-resized\"><img loading=\"lazy\" decoding=\"async\" width=\"800\" height=\"1170\" src=\"https:\/\/masonicatours.fr\/wp-content\/uploads\/2026\/02\/philippe_benhamou_fmpourlesnuls.jpg\" alt=\"\" class=\"wp-image-2029\" style=\"aspect-ratio:0.6837914595800791;width:160px;height:auto\" srcset=\"https:\/\/masonicatours.fr\/wp-content\/uploads\/2026\/02\/philippe_benhamou_fmpourlesnuls.jpg 800w, https:\/\/masonicatours.fr\/wp-content\/uploads\/2026\/02\/philippe_benhamou_fmpourlesnuls-205x300.jpg 205w, https:\/\/masonicatours.fr\/wp-content\/uploads\/2026\/02\/philippe_benhamou_fmpourlesnuls-700x1024.jpg 700w, https:\/\/masonicatours.fr\/wp-content\/uploads\/2026\/02\/philippe_benhamou_fmpourlesnuls-768x1123.jpg 768w, https:\/\/masonicatours.fr\/wp-content\/uploads\/2026\/02\/philippe_benhamou_fmpourlesnuls-444x650.jpg 444w\" sizes=\"auto, (max-width: 800px) 100vw, 800px\" \/><\/figure>\n<\/div><\/div>\n\n\n\n<div class=\"wp-block-column is-layout-flow wp-block-column-is-layout-flow\"><\/div>\n<\/div>\n\n\n\n<h1 class=\"wp-block-heading has-vivid-red-color has-text-color has-link-color has-medium-font-size wp-elements-06e137b26c65168e209e8a6c20c644c0\"><strong>Le cahier de vacances du Franc-ma\u00e7on<\/strong><\/h1>\n\n\n\n<hr class=\"wp-block-separator has-text-color has-vivid-red-color has-alpha-channel-opacity has-vivid-red-background-color has-background\"\/>\n\n\n\n<div class=\"wp-block-group is-vertical is-layout-flex wp-container-core-group-is-layout-8cf370e7 wp-block-group-is-layout-flex\">\n<div class=\"wp-block-group is-vertical is-layout-flex wp-container-core-group-is-layout-8cf370e7 wp-block-group-is-layout-flex\">\n<p class=\"has-medium-font-size\">Philippe Benhamou est une figure incontournable de la franc-ma\u00e7onnerie contemporaine. Initi\u00e9 \u00e0 la Grande Loge de France en 1991, il conjugue rigueur scientifique et sens de la p\u00e9dagogie pour rendre accessibles les dimensions symboliques et rituelles de la franc-ma\u00e7onnerie.<\/p>\n\n\n\n<p>Philippe Benhamou est notamment co-auteur, avec Christopher Hodapp, de <em>La Franc-ma\u00e7onnerie pour les Nuls<\/em>, l\u2019adaptation fran\u00e7aise de <em>Freemasons for Dummies<\/em>, un ouvrage devenu r\u00e9f\u00e9rence aupr\u00e8s du grand public.<\/p>\n\n\n\n<p>Dans le domaine ma\u00e7onnique, ses contributions sont multiples : il anime la collection <em>\u00c0 sa place et \u00e0 son Office<\/em> chez Num\u00e9rilivre, illustrant la fonction rituelle des offices tels que le Premier et le Second Surveillant, auxquels il a consacr\u00e9 deux volumes parus en 2024. Il intervient aussi comme chroniqueur dans <em>Franc-Ma\u00e7onnerie Magazine<\/em> et assure la co-fondation de la web radio RadioDelta, o\u00f9 il anime l\u2019\u00e9mission <em>123 Soleil<\/em>, une tribune d\u2019\u00e9change entre initi\u00e9s et profanes.<\/p>\n\n\n\n<p>Au-del\u00e0 de ses essais, Philippe Benhamou explore \u00e9galement la fiction et l\u2019imaginaire. Il a publi\u00e9 deux romans marquants : <em>Madame Hirambabi &#8211; la concierge de la rue des trois fr\u00e8res<\/em>, chez Dervy (2014), qui lui a valu le Prix Cadet Roussel ; et <em>Tamino et Pamina &#8211; les fianc\u00e9s des Buttes-Chaumont<\/em> (2023), variation litt\u00e9raire inspir\u00e9e de <em>La Fl\u00fbte enchant\u00e9e<\/em>, situ\u00e9e dans un Paris contemporain fantastique. En 2024, il publie un recueil de nouvelles au ton souvent surr\u00e9aliste et empreint d\u2019humour noir, <em>Monsieur Hertz habite dans le faux plafond de son bureau &#8211; et autres nouvelles<\/em>, o\u00f9 le monde ordinaire du travail devient terrain d\u2019absurde et de satire sociale.<\/p>\n<\/div>\n<\/div>\n\n\n\n<div style=\"height:100px\" aria-hidden=\"true\" class=\"wp-block-spacer\"><\/div>\n","protected":false},"excerpt":{"rendered":"<p>Le cahier de vacances du Franc-ma\u00e7on Philippe Benhamou est une figure incontournable de la franc-ma\u00e7onnerie contemporaine. Initi\u00e9 \u00e0 la Grande Loge de France en 1991, il conjugue rigueur scientifique et sens de la p\u00e9dagogie pour rendre accessibles les dimensions symboliques et rituelles de la franc-ma\u00e7onnerie. Philippe Benhamou est notamment co-auteur, avec Christopher Hodapp, de La [&hellip;]<\/p>\n","protected":false},"author":3,"featured_media":0,"parent":0,"menu_order":0,"comment_status":"closed","ping_status":"closed","template":"","meta":{"_themeisle_gutenberg_block_has_review":false,"footnotes":""},"class_list":["post-621","page","type-page","status-publish","hentry","post"],"_links":{"self":[{"href":"https:\/\/masonicatours.fr\/index.php\/wp-json\/wp\/v2\/pages\/621","targetHints":{"allow":["GET"]}}],"collection":[{"href":"https:\/\/masonicatours.fr\/index.php\/wp-json\/wp\/v2\/pages"}],"about":[{"href":"https:\/\/masonicatours.fr\/index.php\/wp-json\/wp\/v2\/types\/page"}],"author":[{"embeddable":true,"href":"https:\/\/masonicatours.fr\/index.php\/wp-json\/wp\/v2\/users\/3"}],"replies":[{"embeddable":true,"href":"https:\/\/masonicatours.fr\/index.php\/wp-json\/wp\/v2\/comments?post=621"}],"version-history":[{"count":3,"href":"https:\/\/masonicatours.fr\/index.php\/wp-json\/wp\/v2\/pages\/621\/revisions"}],"predecessor-version":[{"id":2030,"href":"https:\/\/masonicatours.fr\/index.php\/wp-json\/wp\/v2\/pages\/621\/revisions\/2030"}],"wp:attachment":[{"href":"https:\/\/masonicatours.fr\/index.php\/wp-json\/wp\/v2\/media?parent=621"}],"curies":[{"name":"wp","href":"https:\/\/api.w.org\/{rel}","templated":true}]}}