{"id":616,"date":"2024-04-05T16:56:29","date_gmt":"2024-04-05T14:56:29","guid":{"rendered":"https:\/\/masonicatours.fr\/?page_id=616"},"modified":"2024-04-28T14:58:42","modified_gmt":"2024-04-28T12:58:42","slug":"imainguy","status":"publish","type":"page","link":"https:\/\/masonicatours.fr\/index.php\/imainguy\/","title":{"rendered":"Ir\u00e8ne Mainguy"},"content":{"rendered":"\n<div class=\"wp-block-columns is-layout-flex wp-container-core-columns-is-layout-9d6595d7 wp-block-columns-is-layout-flex\">\n<div class=\"wp-block-column is-layout-flow wp-block-column-is-layout-flow\"><div class=\"wp-block-image\">\n<figure class=\"aligncenter size-full\"><img loading=\"lazy\" decoding=\"async\" width=\"114\" height=\"135\" src=\"https:\/\/masonicatours.fr\/wp-content\/uploads\/2024\/04\/Mainguy.jpg\" alt=\"\" class=\"wp-image-543\"\/><\/figure>\n<\/div><\/div>\n\n\n\n<div class=\"wp-block-column is-layout-flow wp-block-column-is-layout-flow\"><div class=\"wp-block-image\">\n<figure class=\"aligncenter size-full\"><img loading=\"lazy\" decoding=\"async\" width=\"138\" height=\"211\" src=\"https:\/\/masonicatours.fr\/wp-content\/uploads\/2024\/04\/Livre_Mainguy.jpg\" alt=\"\" class=\"wp-image-561\"\/><\/figure>\n<\/div><\/div>\n\n\n\n<div class=\"wp-block-column is-layout-flow wp-block-column-is-layout-flow\"><\/div>\n<\/div>\n\n\n\n<h1 class=\"wp-block-heading has-vivid-red-color has-text-color has-link-color has-medium-font-size wp-elements-dac3cc30ec1a6a39068390376b91e18b\"><strong>Symbolique des Ultimes grades de Vaillance et de Sagesse<\/strong><\/h1>\n\n\n\n<hr class=\"wp-block-separator has-text-color has-vivid-red-color has-alpha-channel-opacity has-vivid-red-background-color has-background\"\/>\n\n\n\n<div class=\"wp-block-group is-vertical is-layout-flex wp-container-core-group-is-layout-8cf370e7 wp-block-group-is-layout-flex\">\n<div class=\"wp-block-group is-vertical is-layout-flex wp-container-core-group-is-layout-8cf370e7 wp-block-group-is-layout-flex\">\n<p class=\"has-medium-font-size\">Le parcours \u00e0 travers l&rsquo;ensemble du Rite \u00c9cossais peut \u00eatre vu comme constitu\u00e9 de trois \u00e9tapes successives et progressives. La premi\u00e8re est celle de la construction du Temple de Salomon ; la deuxi\u00e8me, celle de sa reconstruction par Zorobabel ; la troisi\u00e8me ouvre l&rsquo;av\u00e8nement d&rsquo;un nouveau Saint Empire, virtuellement r\u00e9alis\u00e9 au 32<sup>e<\/sup> degr\u00e9.<\/p>\n\n\n\n<p class=\"has-medium-font-size\">Celui-ci pr\u00e9sente une synth\u00e8se globale, sous forme d&rsquo;un \u00ab\u00a0mandala\u00a0\u00bb constitu\u00e9 de figures g\u00e9om\u00e9triques et de symboles significatifs qui synth\u00e9tisent l&rsquo;ensemble des pr\u00e9c\u00e9dents grades. Les outils fournis pour mener cette qu\u00eate \u00e0 son terme t\u00e9moignent de la grande coh\u00e9rence du Rite \u00c9cossais Ancien et Accept\u00e9 dans l&rsquo;ensemble du parcours qu&rsquo;il propose du 1<sup>er<\/sup> au 33<sup>e<\/sup> degr\u00e9.<\/p>\n\n\n\n<p class=\"has-medium-font-size\">Cette \u0153uvre d&rsquo;approfondissement permet de constater \u00e0 nouveau que tout ce qui monte converge vers l&rsquo;Unit\u00e9, la V\u00e9rit\u00e9, la Sagesse et la Lumi\u00e8re. Dans ce nouvel ouvrage, l&rsquo;auteur offre de nombreuses pistes de r\u00e9flexion pour approfondir la qu\u00eate de spiritualit\u00e9 dans les ultimes degr\u00e9s.<\/p>\n<\/div>\n<\/div>\n\n\n\n<div style=\"height:100px\" aria-hidden=\"true\" class=\"wp-block-spacer\"><\/div>\n","protected":false},"excerpt":{"rendered":"<p>Symbolique des Ultimes grades de Vaillance et de Sagesse Le parcours \u00e0 travers l&rsquo;ensemble du Rite \u00c9cossais peut \u00eatre vu comme constitu\u00e9 de trois \u00e9tapes successives et progressives. La premi\u00e8re est celle de la construction du Temple de Salomon ; la deuxi\u00e8me, celle de sa reconstruction par Zorobabel ; la troisi\u00e8me ouvre l&rsquo;av\u00e8nement d&rsquo;un nouveau [&hellip;]<\/p>\n","protected":false},"author":3,"featured_media":0,"parent":0,"menu_order":0,"comment_status":"closed","ping_status":"closed","template":"","meta":{"_themeisle_gutenberg_block_has_review":false,"footnotes":""},"class_list":["post-616","page","type-page","status-publish","hentry","post"],"_links":{"self":[{"href":"https:\/\/masonicatours.fr\/index.php\/wp-json\/wp\/v2\/pages\/616","targetHints":{"allow":["GET"]}}],"collection":[{"href":"https:\/\/masonicatours.fr\/index.php\/wp-json\/wp\/v2\/pages"}],"about":[{"href":"https:\/\/masonicatours.fr\/index.php\/wp-json\/wp\/v2\/types\/page"}],"author":[{"embeddable":true,"href":"https:\/\/masonicatours.fr\/index.php\/wp-json\/wp\/v2\/users\/3"}],"replies":[{"embeddable":true,"href":"https:\/\/masonicatours.fr\/index.php\/wp-json\/wp\/v2\/comments?post=616"}],"version-history":[{"count":2,"href":"https:\/\/masonicatours.fr\/index.php\/wp-json\/wp\/v2\/pages\/616\/revisions"}],"predecessor-version":[{"id":619,"href":"https:\/\/masonicatours.fr\/index.php\/wp-json\/wp\/v2\/pages\/616\/revisions\/619"}],"wp:attachment":[{"href":"https:\/\/masonicatours.fr\/index.php\/wp-json\/wp\/v2\/media?parent=616"}],"curies":[{"name":"wp","href":"https:\/\/api.w.org\/{rel}","templated":true}]}}