{"id":1906,"date":"2026-02-16T22:28:05","date_gmt":"2026-02-16T21:28:05","guid":{"rendered":"https:\/\/masonicatours.fr\/?page_id=1906"},"modified":"2026-02-16T22:28:06","modified_gmt":"2026-02-16T21:28:06","slug":"jean-michel-mathoniere","status":"publish","type":"page","link":"https:\/\/masonicatours.fr\/index.php\/jean-michel-mathoniere\/","title":{"rendered":"Jean Michel Mathoni\u00e8re"},"content":{"rendered":"\n<div class=\"wp-block-columns is-layout-flex wp-container-core-columns-is-layout-9d6595d7 wp-block-columns-is-layout-flex\">\n<div class=\"wp-block-column is-layout-flow wp-block-column-is-layout-flow\">\n<div style=\"height:54px\" aria-hidden=\"true\" class=\"wp-block-spacer\"><\/div>\n\n\n<div class=\"wp-block-image\">\n<figure class=\"aligncenter size-full\"><img loading=\"lazy\" decoding=\"async\" width=\"1024\" height=\"1024\" src=\"https:\/\/masonicatours.fr\/wp-content\/uploads\/2026\/02\/JeanMiche-le-Mathoniere1.png\" alt=\"\" class=\"wp-image-1919\" srcset=\"https:\/\/masonicatours.fr\/wp-content\/uploads\/2026\/02\/JeanMiche-le-Mathoniere1.png 1024w, https:\/\/masonicatours.fr\/wp-content\/uploads\/2026\/02\/JeanMiche-le-Mathoniere1-300x300.png 300w, https:\/\/masonicatours.fr\/wp-content\/uploads\/2026\/02\/JeanMiche-le-Mathoniere1-150x150.png 150w, https:\/\/masonicatours.fr\/wp-content\/uploads\/2026\/02\/JeanMiche-le-Mathoniere1-768x768.png 768w, https:\/\/masonicatours.fr\/wp-content\/uploads\/2026\/02\/JeanMiche-le-Mathoniere1-650x650.png 650w\" sizes=\"auto, (max-width: 1024px) 100vw, 1024px\" \/><\/figure>\n<\/div><\/div>\n\n\n\n<div class=\"wp-block-column is-layout-flow wp-block-column-is-layout-flow\"><\/div>\n\n\n\n<div class=\"wp-block-column is-layout-flow wp-block-column-is-layout-flow\"><\/div>\n<\/div>\n\n\n\n<h1 class=\"wp-block-heading has-vivid-red-color has-text-color has-link-color has-medium-font-size wp-elements-fb15843c543f2b6b72a9859a11a567a7\"><strong>Pr\u00e9sentation d&rsquo;un document iconographique de 1835<\/strong><\/h1>\n\n\n\n<hr class=\"wp-block-separator has-text-color has-vivid-red-color has-alpha-channel-opacity has-vivid-red-background-color has-background\"\/>\n\n\n\n<div class=\"wp-block-group is-vertical is-layout-flex wp-container-core-group-is-layout-8cf370e7 wp-block-group-is-layout-flex\">\n<div class=\"wp-block-group is-vertical is-layout-flex wp-container-core-group-is-layout-8cf370e7 wp-block-group-is-layout-flex\">\n<p class=\"has-medium-font-size\"><strong>Jean Michel Mathoni\u00e8re<\/strong> nous visite pour la premi\u00e8re fois. Historien reconnu du compagnonnage il nous pr\u00e9sentera un exceptionnel document iconographique, un certificat d\u00e9livr\u00e9 le 10 mai 1835 \u00e0 un tailleur de pierre de Tours par \u00e0 une soci\u00e9t\u00e9 mutuelle, Jean-Michel Mathoni\u00e8re explorera les liens qui unissent alors la mutualit\u00e9 naissante avec un compagnonnage en pleine mutation et ses interf\u00e9rences avec la franc-ma\u00e7onnerie. Une approche document\u00e9e et nuanc\u00e9e de la question complexe de la parent\u00e9, en grande partie fantasm\u00e9e, entre franc-ma\u00e7onnerie et compagnonnage. De quoi \u00e9clairer un terrain complexe.<\/p>\n<\/div>\n<\/div>\n\n\n\n<div style=\"height:50px\" aria-hidden=\"true\" class=\"wp-block-spacer\"><\/div>\n\n\n\n<p class=\"has-medium-font-size\"><\/p>\n\n\n\n<div style=\"height:100px\" aria-hidden=\"true\" class=\"wp-block-spacer\"><\/div>\n","protected":false},"excerpt":{"rendered":"<p>Pr\u00e9sentation d&rsquo;un document iconographique de 1835 Jean Michel Mathoni\u00e8re nous visite pour la premi\u00e8re fois. Historien reconnu du compagnonnage il nous pr\u00e9sentera un exceptionnel document iconographique, un certificat d\u00e9livr\u00e9 le 10 mai 1835 \u00e0 un tailleur de pierre de Tours par \u00e0 une soci\u00e9t\u00e9 mutuelle, Jean-Michel Mathoni\u00e8re explorera les liens qui unissent alors la mutualit\u00e9 [&hellip;]<\/p>\n","protected":false},"author":1,"featured_media":0,"parent":0,"menu_order":0,"comment_status":"closed","ping_status":"closed","template":"","meta":{"_themeisle_gutenberg_block_has_review":false,"footnotes":""},"class_list":["post-1906","page","type-page","status-publish","hentry","post"],"_links":{"self":[{"href":"https:\/\/masonicatours.fr\/index.php\/wp-json\/wp\/v2\/pages\/1906","targetHints":{"allow":["GET"]}}],"collection":[{"href":"https:\/\/masonicatours.fr\/index.php\/wp-json\/wp\/v2\/pages"}],"about":[{"href":"https:\/\/masonicatours.fr\/index.php\/wp-json\/wp\/v2\/types\/page"}],"author":[{"embeddable":true,"href":"https:\/\/masonicatours.fr\/index.php\/wp-json\/wp\/v2\/users\/1"}],"replies":[{"embeddable":true,"href":"https:\/\/masonicatours.fr\/index.php\/wp-json\/wp\/v2\/comments?post=1906"}],"version-history":[{"count":1,"href":"https:\/\/masonicatours.fr\/index.php\/wp-json\/wp\/v2\/pages\/1906\/revisions"}],"predecessor-version":[{"id":1920,"href":"https:\/\/masonicatours.fr\/index.php\/wp-json\/wp\/v2\/pages\/1906\/revisions\/1920"}],"wp:attachment":[{"href":"https:\/\/masonicatours.fr\/index.php\/wp-json\/wp\/v2\/media?parent=1906"}],"curies":[{"name":"wp","href":"https:\/\/api.w.org\/{rel}","templated":true}]}}