{"id":1765,"date":"2026-02-16T20:53:07","date_gmt":"2026-02-16T19:53:07","guid":{"rendered":"https:\/\/masonicatours.fr\/?page_id=1765"},"modified":"2026-02-16T20:53:08","modified_gmt":"2026-02-16T19:53:08","slug":"roger-dachez","status":"publish","type":"page","link":"https:\/\/masonicatours.fr\/index.php\/roger-dachez\/","title":{"rendered":"Roger Dachez"},"content":{"rendered":"\n<div class=\"wp-block-columns is-layout-flex wp-container-core-columns-is-layout-9d6595d7 wp-block-columns-is-layout-flex\">\n<div class=\"wp-block-column is-layout-flow wp-block-column-is-layout-flow\">\n<div style=\"height:54px\" aria-hidden=\"true\" class=\"wp-block-spacer\"><\/div>\n\n\n<div class=\"wp-block-image\">\n<figure class=\"aligncenter size-full\"><img loading=\"lazy\" decoding=\"async\" width=\"1024\" height=\"1536\" src=\"https:\/\/masonicatours.fr\/wp-content\/uploads\/2026\/02\/RogerDachez1.png\" alt=\"portrait de Roger Dachez\" class=\"wp-image-1907\" srcset=\"https:\/\/masonicatours.fr\/wp-content\/uploads\/2026\/02\/RogerDachez1.png 1024w, https:\/\/masonicatours.fr\/wp-content\/uploads\/2026\/02\/RogerDachez1-200x300.png 200w, https:\/\/masonicatours.fr\/wp-content\/uploads\/2026\/02\/RogerDachez1-683x1024.png 683w, https:\/\/masonicatours.fr\/wp-content\/uploads\/2026\/02\/RogerDachez1-768x1152.png 768w, https:\/\/masonicatours.fr\/wp-content\/uploads\/2026\/02\/RogerDachez1-433x650.png 433w\" sizes=\"auto, (max-width: 1024px) 100vw, 1024px\" \/><\/figure>\n<\/div><\/div>\n\n\n\n<div class=\"wp-block-column is-layout-flow wp-block-column-is-layout-flow\"><\/div>\n\n\n\n<div class=\"wp-block-column is-layout-flow wp-block-column-is-layout-flow\"><\/div>\n<\/div>\n\n\n\n<h1 class=\"wp-block-heading has-vivid-red-color has-text-color has-link-color has-medium-font-size wp-elements-01b49ca3a68d050b3f94fcde9803491d\"><strong>La v\u00e9ritable histoire du grade de Ma\u00eetre<\/strong><\/h1>\n\n\n\n<hr class=\"wp-block-separator has-text-color has-vivid-red-color has-alpha-channel-opacity has-vivid-red-background-color has-background\"\/>\n\n\n\n<div class=\"wp-block-group is-vertical is-layout-flex wp-container-core-group-is-layout-8cf370e7 wp-block-group-is-layout-flex\">\n<div class=\"wp-block-group is-vertical is-layout-flex wp-container-core-group-is-layout-8cf370e7 wp-block-group-is-layout-flex\">\n<p class=\"has-medium-font-size\"><strong>Roger Dachez<\/strong> est de retour \u00e0 Masonica. \u00ab <strong>La Franc-Ma\u00e7onnerie a-t-elle un avenir\u00a0?<\/strong>\u00a0\u00bb\u00a0 Il abordera cette question du point de vue de l\u2019historien de r\u00e9f\u00e9rence qu\u2019il est. Quelles tendances se d\u00e9gagent-elles dans le paysage ma\u00e7onnique\u00a0? Quelles \u00e9volutions partent-elles en germe\u00a0? Nous sommes d\u00e9j\u00e0 curieux d\u2019en savoir plus.<\/p>\n\n\n\n<p class=\"has-medium-font-size\">.<\/p>\n<\/div>\n<\/div>\n\n\n\n<div style=\"height:50px\" aria-hidden=\"true\" class=\"wp-block-spacer\"><\/div>\n\n\n\n<p class=\"has-medium-font-size\"><strong>Retrouvez la conf\u00e9rence de Roger Dachez<\/strong><\/p>\n\n\n\n<div style=\"height:100px\" aria-hidden=\"true\" class=\"wp-block-spacer\"><\/div>\n","protected":false},"excerpt":{"rendered":"<p>La v\u00e9ritable histoire du grade de Ma\u00eetre Roger Dachez est de retour \u00e0 Masonica. \u00ab La Franc-Ma\u00e7onnerie a-t-elle un avenir\u00a0?\u00a0\u00bb\u00a0 Il abordera cette question du point de vue de l\u2019historien de r\u00e9f\u00e9rence qu\u2019il est. Quelles tendances se d\u00e9gagent-elles dans le paysage ma\u00e7onnique\u00a0? Quelles \u00e9volutions partent-elles en germe\u00a0? Nous sommes d\u00e9j\u00e0 curieux d\u2019en savoir plus. . [&hellip;]<\/p>\n","protected":false},"author":1,"featured_media":0,"parent":0,"menu_order":0,"comment_status":"closed","ping_status":"closed","template":"","meta":{"_themeisle_gutenberg_block_has_review":false,"footnotes":""},"class_list":["post-1765","page","type-page","status-publish","hentry","post"],"_links":{"self":[{"href":"https:\/\/masonicatours.fr\/index.php\/wp-json\/wp\/v2\/pages\/1765","targetHints":{"allow":["GET"]}}],"collection":[{"href":"https:\/\/masonicatours.fr\/index.php\/wp-json\/wp\/v2\/pages"}],"about":[{"href":"https:\/\/masonicatours.fr\/index.php\/wp-json\/wp\/v2\/types\/page"}],"author":[{"embeddable":true,"href":"https:\/\/masonicatours.fr\/index.php\/wp-json\/wp\/v2\/users\/1"}],"replies":[{"embeddable":true,"href":"https:\/\/masonicatours.fr\/index.php\/wp-json\/wp\/v2\/comments?post=1765"}],"version-history":[{"count":1,"href":"https:\/\/masonicatours.fr\/index.php\/wp-json\/wp\/v2\/pages\/1765\/revisions"}],"predecessor-version":[{"id":1908,"href":"https:\/\/masonicatours.fr\/index.php\/wp-json\/wp\/v2\/pages\/1765\/revisions\/1908"}],"wp:attachment":[{"href":"https:\/\/masonicatours.fr\/index.php\/wp-json\/wp\/v2\/media?parent=1765"}],"curies":[{"name":"wp","href":"https:\/\/api.w.org\/{rel}","templated":true}]}}